{"id":130,"date":"2025-02-26T08:37:30","date_gmt":"2025-02-26T08:37:30","guid":{"rendered":"https:\/\/www.1001-tuer.de\/?page_id=130"},"modified":"2026-01-22T13:30:10","modified_gmt":"2026-01-22T13:30:10","slug":"impressum","status":"publish","type":"page","link":"https:\/\/www.1001-tuer.de\/?page_id=130","title":{"rendered":"Impressum"},"content":{"rendered":"\n<figure class=\"wp-block-table\"><table class=\"has-fixed-layout\"><tbody><tr><td colspan=\"2\">IMPRESSUM<\/td><\/tr><tr><td><strong>Anschrift:<br><\/strong>Strohbach Bauelemente Obersulm<strong><br><\/strong>M\u00fchlstra\u00dfe 16<br>D-74182 Willsbach\/Obersulm<br><br>Tel.:&nbsp;geb\u00fchrenfrei&nbsp; 0800-8837367Mobil 0171-3128768<br>E-Mail: service@1001-tuer.de<br><br><strong>Gesch\u00e4ftsf\u00fchrung- Inhaber:<\/strong><br>Maik Strohbach<br>verkauf@1001-tuer.de<br><br><strong>Inhaltlich Verantwortlicher gem\u00e4ss \u00a7 6 MDStV:<\/strong><br>Maik Strohbach<br><br><strong>Steuernummer:<\/strong><br>65400\/54331<br><br><strong>Umsatzsteuer-Identifikationsnummer gem\u00e4ss \u00a7 27 a Umsatzsteuergesetz:<\/strong>&nbsp;<br>DE 167192208<br>Finanzamt: Heilbronn<br><br><strong>Hauptsitz der Firma:<\/strong><br>74182 Willsbach\/Obersulm<br>M\u00fchlstra\u00dfe 16<br><br><strong>Amtsgericht:<\/strong><br>Wilhelmstrasse 2-4<br>74072 Heilbronn<\/td><td><strong>Kontakt \/ Beschwerden<\/strong><br>Sie erreichen uns f\u00fcr Fragen, Reklamationen und Beanstandungen werktags von 7:00 UHR bis 16:00 Uhr geb\u00fchrenfrei unter der Telefonnummer 0800-8837367 sowie per E-Mail unter service@1001-tuer.de<br>F\u00fcr Anfragen k\u00f6nnen Sie auch das&nbsp;<a href=\"http:\/\/pirnar.xxl-tuer.de\/kontaktformular\">Kontaktformular<\/a>&nbsp;nutzen.<br><br>fax:&nbsp;0180 &#8211; 50 20 225 1684 (0,14 \u20ac\/Min. aus dem Festnetz, Mobilfunk max. 0,42 \u20ac\/Min)<br><br><br><strong>Ansprechpartner:<\/strong><br><br>verkauf@1001-tuer.de<br><br><br><br><br>Online-Streitbeilegung gem\u00e4\u00df Art. 14 Abs. 1 ODR-VO: Die Europ\u00e4ische Kommission stellt eine Plattform zur Online-Streitbeilegung (OS) bereit, die Sie unter&nbsp;<a href=\"http:\/\/ec.europa.eu\/consumers\/odr\/\" target=\"_blank\" rel=\"noreferrer noopener\">http:\/\/ec.europa.eu\/consumers\/odr\/<\/a>&nbsp;finden.<\/td><\/tr><\/tbody><\/table><\/figure>\n\n\n\n<hr class=\"wp-block-separator has-alpha-channel-opacity\"\/>\n\n\n\n<figure class=\"wp-block-table\"><table class=\"has-fixed-layout\"><tbody><tr><td><strong>Rechtshinweis<br><br><\/strong>Inhalt und Struktur dieser Webseite sind urheberrechtlich gesch\u00fctzt. F\u00fcr jede vom Urheberrechtsgesetz nicht zugelassene Verwertung bedarf es einer vorherigen schriftlichen Zustimmung.<strong><br><br><\/strong>Angaben zur Website nach Teledienstgesetz und Medien Staatsvertrag (MDStV)<br>Inhaltlich verantwortlich gem\u00e4\u00df \u00a710 Absatz 3 MDStV: Maik Strohbach<\/td><\/tr><tr><td><\/td><\/tr><tr><td><strong>weitere Informationen:<\/strong><br><a href=\"http:\/\/pirnar.xxl-tuer.de\/agb\">Allgemeine Gesch\u00e4ftsbedingungen<\/a>&nbsp;|<a href=\"http:\/\/pirnar.xxl-tuer.de\/datenschutz\">&nbsp;Datenschutzerkl\u00e4rung<\/a><\/td><\/tr><tr><td><\/td><\/tr><tr><td><strong>wichtiger Hinweis!<\/strong><br><br>Bei Anfragen oder Stellungnahmen zu elektronischem Gesch\u00e4ftsverkehr, Verbraucherschutz, Bestellungen, Produktsicherheit oder anderen Themen, benutzen Sie bitte unser&nbsp;<a href=\"http:\/\/pirnar.xxl-tuer.de\/kontaktformular\">Kontaktformular.<\/a><\/td><\/tr><tr><td><\/td><\/tr><tr><td><strong>Externe Links<\/strong><br><br>Alle Links auf externe Seiten wurden von uns bei Erstellung der Seite sorgf\u00e4ltig gepr\u00fcft. M\u00f6gliche Rechtsverst\u00f6\u00dfe waren zum Zeitpunkt der Verlinkung nicht erkennbar. Allerdings haben wir keinen Einfluss auf die Inhalte verlinkter Seiten, hierf\u00fcr ist der jeweilige Dienstanbieter verantwortlich. Sollten rechtswidrige Seiten \u00fcber die Hyperlinks abrufbar sein, bitten wir um eine Mitteilung an service@xxl-tuer.de. Wir werden dies dann \u00fcberpr\u00fcfen und die Links ggf. entfernen.<br><br>Alle auf der Internetseite von xxl-tuer.de integrierten Logos, Bilder und Grafiken sind Eigentum der entsprechenden Firmen und unterliegen dem Copyright der entsprechenden Lizenzgeber. Diese d\u00fcrfen nicht ohne das jeweilige Einverst\u00e4ndnis kopiert oder anderweitig genutzt werden.<br><br>Mit Urteil vom 12. Mai 1998 &#8211; 312 O 85\/98 &#8211; &#8222;Haftung f\u00fcr Links&#8220; hat das Landgericht Hamburg entschieden, dass man durch eine Link- Integrierung die Inhalte der gelinkten Seite ggf. mit zu verantworten hat. Dies wirkt nur wenn man sich nicht von diesen Inhalten ausdr\u00fccklich distanziert. Aufgrund dieser Tatsache distanzieren wir uns ausdr\u00fccklich von allen Inhalten der auf unserer Internetseite integrierten Links.<\/td><\/tr><\/tbody><\/table><\/figure>\n","protected":false},"excerpt":{"rendered":"<p>IMPRESSUM Anschrift:Strohbach Bauelemente ObersulmM\u00fchlstra\u00dfe 16D-74182 Willsbach\/Obersulm Tel.:&nbsp;geb\u00fchrenfrei&nbsp; 0800-8837367Mobil 0171-3128768E-Mail: service@1001-tuer.de Gesch\u00e4ftsf\u00fchrung- Inhaber:Maik Strohbachverkauf@1001-tuer.de Inhaltlich Verantwortlicher gem\u00e4ss \u00a7 6 MDStV:Maik Strohbach Steuernummer:65400\/54331 Umsatzsteuer-Identifikationsnummer gem\u00e4ss \u00a7 27 a Umsatzsteuergesetz:&nbsp;DE 167192208Finanzamt: Heilbronn Hauptsitz der Firma:74182 Willsbach\/ObersulmM\u00fchlstra\u00dfe 16 Amtsgericht:Wilhelmstrasse 2-474072 Heilbronn Kontakt \/ BeschwerdenSie erreichen uns f\u00fcr Fragen, Reklamationen und Beanstandungen werktags von 7:00 UHR bis 16:00 Uhr geb\u00fchrenfrei [&hellip;]<\/p>\n","protected":false},"author":1,"featured_media":0,"parent":0,"menu_order":0,"comment_status":"closed","ping_status":"closed","template":"","meta":{"footnotes":""},"class_list":["post-130","page","type-page","status-publish","hentry"],"_links":{"self":[{"href":"https:\/\/www.1001-tuer.de\/index.php?rest_route=\/wp\/v2\/pages\/130","targetHints":{"allow":["GET"]}}],"collection":[{"href":"https:\/\/www.1001-tuer.de\/index.php?rest_route=\/wp\/v2\/pages"}],"about":[{"href":"https:\/\/www.1001-tuer.de\/index.php?rest_route=\/wp\/v2\/types\/page"}],"author":[{"embeddable":true,"href":"https:\/\/www.1001-tuer.de\/index.php?rest_route=\/wp\/v2\/users\/1"}],"replies":[{"embeddable":true,"href":"https:\/\/www.1001-tuer.de\/index.php?rest_route=%2Fwp%2Fv2%2Fcomments&post=130"}],"version-history":[{"count":1,"href":"https:\/\/www.1001-tuer.de\/index.php?rest_route=\/wp\/v2\/pages\/130\/revisions"}],"predecessor-version":[{"id":131,"href":"https:\/\/www.1001-tuer.de\/index.php?rest_route=\/wp\/v2\/pages\/130\/revisions\/131"}],"wp:attachment":[{"href":"https:\/\/www.1001-tuer.de\/index.php?rest_route=%2Fwp%2Fv2%2Fmedia&parent=130"}],"curies":[{"name":"wp","href":"https:\/\/api.w.org\/{rel}","templated":true}]}}